{"id":10,"date":"2015-09-30T21:36:00","date_gmt":"2015-09-30T19:36:00","guid":{"rendered":"http:\/\/www.foeger-service.com\/lagerraeume\/?page_id=10"},"modified":"2024-05-22T08:11:22","modified_gmt":"2024-05-22T06:11:22","slug":"preise","status":"publish","type":"page","link":"http:\/\/www.foeger-service.com\/lagerraeume\/preise\/","title":{"rendered":"Preise"},"content":{"rendered":"<h3><strong>Lager- &amp; Garagen-Gr\u00f6\u00dfen<br \/>\n<\/strong><\/h3>\n<h2><a href=\"http:\/\/www.foeger-service.com\/lagerraeume\/wp-content\/uploads\/2016\/01\/lager-l-v.png\"><img loading=\"lazy\" decoding=\"async\" class=\"alignnone wp-image-141 size-full\" src=\"http:\/\/www.foeger-service.com\/lagerraeume\/wp-content\/uploads\/2016\/01\/lager-l-v.png\" alt=\"Lager L++ vergeben\" width=\"108\" height=\"64\" \/><\/a><strong>Lager 1 &#8211; 60m2<br \/>\n<\/strong><\/h2>\n<ul>\n<li>L\u00e4nge: 11,20m<\/li>\n<li>Breite: 2,60\u20133,90m<\/li>\n<li>Einfahrsh\u00f6he: 2m<\/li>\n<li>Einfahrtsbreite: 1m<\/li>\n<li>Ausstattung: mit Heizung, mit Fenster<\/li>\n<li>pro Monat brutto <strong>\u20ac 400,-<\/strong> (\u00a0\u20ac 6,66 pro m2)<strong><br \/>\n<\/strong><\/li>\n<\/ul>\n<h2><a href=\"http:\/\/www.foeger-service.com\/lagerraeume\/wp-content\/uploads\/2016\/01\/lager-s-v.png\"><img loading=\"lazy\" decoding=\"async\" class=\"alignnone wp-image-139 size-full\" src=\"http:\/\/www.foeger-service.com\/lagerraeume\/wp-content\/uploads\/2016\/01\/lager-s-v.png\" alt=\"Lager S vergeben\" width=\"108\" height=\"64\" \/><\/a><strong>Lager 2 &#8211; 17m2<\/strong><\/h2>\n<p>Ideal f\u00fcr Privathaushalte.<br \/>\nSelten Gebrauchtes einfach verstauen, damit wieder mehr Platz zum Wohnen bleibt und Ordnung herrscht.<\/p>\n<ul>\n<li>L\u00e4nge: 11,30m<\/li>\n<li>Einfahrsh\u00f6he: 2m<\/li>\n<li>Einfahrtsbreite: 1m<\/li>\n<li>Ausstattung: ohne Heizung, ohne Fenster<\/li>\n<li>pro Monat brutto <strong>\u20ac 110<\/strong>,- (\u00a0\u20ac 6,47 pro m2)<strong><br \/>\n<\/strong><\/li>\n<\/ul>\n<h2><strong><img loading=\"lazy\" decoding=\"async\" class=\"alignnone size-full wp-image-139\" src=\"http:\/\/www.foeger-service.com\/lagerraeume\/wp-content\/uploads\/2016\/01\/lager-s-v.png\" alt=\"Lager S vergeben\" width=\"108\" height=\"64\" \/>Lager 2.1 &#8211; 17m2<br \/>\n<\/strong><\/h2>\n<p>Ideal f\u00fcr Privathaushalte.<br \/>\nSelten Gebrauchtes einfach verstauen, damit wieder mehr Platz zum Wohnen bleibt und Ordnung herrscht.<\/p>\n<ul>\n<li>L\u00e4nge: 11,30m<\/li>\n<li>Einfahrsh\u00f6he: 2m<\/li>\n<li>Einfahrtsbreite: 1m<\/li>\n<li>Ausstattung: ohne Heizung, ohne Fenster<\/li>\n<li>pro Monat brutto <strong>\u20ac 110<\/strong>,- (\u00a0\u20ac 6,47 pro m2)<strong><br \/>\n<\/strong><\/li>\n<\/ul>\n<h2><strong><img loading=\"lazy\" decoding=\"async\" class=\"alignnone wp-image-142 size-full\" src=\"http:\/\/www.foeger-service.com\/lagerraeume\/wp-content\/uploads\/2016\/01\/lager-m-v.png\" alt=\"Lager M+ vergeben\" width=\"108\" height=\"64\" \/>Lager 3 &#8211; 32m2<\/strong><\/h2>\n<p>Ideal f\u00fcr Privathaushalte &amp; Firmen.<br \/>\nVerstauen Sie ganz problemlos Sportger\u00e4te, Werkzeug oder M\u00f6belst\u00fccke \u2013 Waren &amp; Material f\u00fcr das schon etwas mehr Platz ben\u00f6tigt wird.<\/p>\n<ul>\n<li>L\u00e4nge: 5m<\/li>\n<li>Breite: 6,40m<\/li>\n<li>Einfahrsh\u00f6he: 2m<\/li>\n<li>Einfahrtsbreite: 1m<\/li>\n<li>Ausstattung: mit Heizung, ohne Fenster<\/li>\n<li>pro Monat brutto <strong>\u20ac 250,-<\/strong> (\u20ac 7,81 pro m2)<\/li>\n<\/ul>\n<hr \/>\n<h2><strong><img loading=\"lazy\" decoding=\"async\" class=\"alignnone size-full wp-image-140\" src=\"http:\/\/www.foeger-service.com\/lagerraeume\/wp-content\/uploads\/2016\/01\/garage_rand_v.png\" alt=\"Garage vergeben\" width=\"108\" height=\"64\" \/>Garage 1 &#8211; 23m2<\/strong><\/h2>\n<ul>\n<li>L\u00e4nge: 5,40m<\/li>\n<li>Breite: 4,30m<\/li>\n<li>Einfahrtsh\u00f6he: 2,50m<\/li>\n<li>Einfahrtsbreite: 3,30m<\/li>\n<li>Ausstattung: ohne Heizung, mit Fenster<\/li>\n<li>pro Monat brutto <strong>\u20ac 100,- <\/strong>(\u20ac 4,35 pro m2)<\/li>\n<\/ul>\n<h2><strong><img loading=\"lazy\" decoding=\"async\" class=\"alignnone size-full wp-image-140\" src=\"http:\/\/www.foeger-service.com\/lagerraeume\/wp-content\/uploads\/2016\/01\/garage_rand_v.png\" alt=\"Garage vergeben\" width=\"108\" height=\"64\" \/>Garage 2 &#8211; 23m2<\/strong><\/h2>\n<ul>\n<li>L\u00e4nge: 5,40m<\/li>\n<li>Breite: 4,30m<\/li>\n<li>Einfahrtsh\u00f6he: 2,50m<\/li>\n<li>Einfahrtsbreite: 3,30m<\/li>\n<li>Ausstattung: ohne Heizung, mit Fenster<\/li>\n<li>pro Monat brutto <strong>\u20ac 100,- <\/strong>(\u20ac 4,35 pro m2)<\/li>\n<\/ul>\n<hr \/>\n<p>Alle Preise inklusive MwSt<br \/>\nKaution = 2 Monatsmieten<br \/>\nKurzzeitmieten ab 2 Monaten, dann monatlich k\u00fcndbar.<\/p>\n","protected":false},"excerpt":{"rendered":"<p>Lager- &amp; Garagen-Gr\u00f6\u00dfen Lager 1 &#8211; 60m2 L\u00e4nge: 11,20m Breite: 2,60\u20133,90m Einfahrsh\u00f6he: 2m Einfahrtsbreite: 1m Ausstattung: mit Heizung, mit Fenster pro Monat brutto \u20ac 400,- (\u00a0\u20ac 6,66 pro m2) Lager 2 &#8211; 17m2 Ideal f\u00fcr Privathaushalte. Selten Gebrauchtes einfach verstauen, damit wieder mehr Platz zum Wohnen bleibt und Ordnung herrscht. L\u00e4nge: 11,30m Einfahrsh\u00f6he: 2m Einfahrtsbreite:<br \/><a class=\"moretag\" href=\"http:\/\/www.foeger-service.com\/lagerraeume\/preise\/\">+ Read More<\/a><\/p>\n","protected":false},"author":1,"featured_media":0,"parent":0,"menu_order":0,"comment_status":"closed","ping_status":"closed","template":"","meta":{"footnotes":""},"_links":{"self":[{"href":"http:\/\/www.foeger-service.com\/lagerraeume\/wp-json\/wp\/v2\/pages\/10"}],"collection":[{"href":"http:\/\/www.foeger-service.com\/lagerraeume\/wp-json\/wp\/v2\/pages"}],"about":[{"href":"http:\/\/www.foeger-service.com\/lagerraeume\/wp-json\/wp\/v2\/types\/page"}],"author":[{"embeddable":true,"href":"http:\/\/www.foeger-service.com\/lagerraeume\/wp-json\/wp\/v2\/users\/1"}],"replies":[{"embeddable":true,"href":"http:\/\/www.foeger-service.com\/lagerraeume\/wp-json\/wp\/v2\/comments?post=10"}],"version-history":[{"count":37,"href":"http:\/\/www.foeger-service.com\/lagerraeume\/wp-json\/wp\/v2\/pages\/10\/revisions"}],"predecessor-version":[{"id":281,"href":"http:\/\/www.foeger-service.com\/lagerraeume\/wp-json\/wp\/v2\/pages\/10\/revisions\/281"}],"wp:attachment":[{"href":"http:\/\/www.foeger-service.com\/lagerraeume\/wp-json\/wp\/v2\/media?parent=10"}],"curies":[{"name":"wp","href":"https:\/\/api.w.org\/{rel}","templated":true}]}}