{"id":22,"date":"2015-09-30T22:05:51","date_gmt":"2015-09-30T20:05:51","guid":{"rendered":"http:\/\/www.foeger-service.com\/lagerraeume\/?page_id=22"},"modified":"2018-05-24T23:43:35","modified_gmt":"2018-05-24T21:43:35","slug":"impressum","status":"publish","type":"page","link":"http:\/\/www.foeger-service.com\/lagerraeume\/impressum\/","title":{"rendered":"Impressum\/Datenschutz"},"content":{"rendered":"<h3>Lager \u2022 Garagen MIEMINGER PLATEAU<\/h3>\n<p>Marcell F\u00f6ger<br \/>\nUnterstrass 253a<br \/>\n6416 Obsteig<br \/>\n\u00d6sterreich<br \/>\n+43 699 \/ 10 89 45 33<br \/>\n<a href=\"mailto:office@foeger-service.com\">office@foeger-service.com<\/a><br \/>\n<a href=\"http:\/\/www.foeger-service.com\/lagerraeume\/\">www.lager-obsteig.com<\/a><\/p>\n<p>UID: ATU64662911<br \/>\nSN.: 093\/8407<\/p>\n<p><b>Informationspflichten laut E-Commerce und Mediengesetz <\/b><\/p>\n<p><a href=\"https:\/\/firmen.wko.at\/Web\/DetailsKontakt.aspx?FirmaID=41c97172-3fcb-4d7f-806b-83901170762e&amp;StandortID=2140&amp;StandortName=Obsteig+%28Gemeinde%29&amp;Suchbegriff=F%C3%B6ger+Marcell&amp;Page=1\" target=\"_blank\" rel=\"noopener\"><img loading=\"lazy\" decoding=\"async\" class=\"alignnone wp-image-107 size-full\" src=\"http:\/\/www.foeger-service.com\/lagerraeume\/wp-content\/uploads\/2015\/09\/e-commerce.jpg\" alt=\"e-commerce\" width=\"169\" height=\"23\" \/><\/a><\/p>\n<p><strong>Urheberrechte<\/strong><br \/>\nDie Inhalte (Texte, Bilder, Grafiken, Videos und Sounds) dieser Website sind urheberrechtlich gesch\u00fctzt. Die Bereitstellung von Inhalten und Bildmaterial dieser Website auf anderen Websites ist nur mit ausdr\u00fccklicher Genehmigung der Redaktion gestattet. Weiters weisen wir daraufhin, dass auf der Website enthaltene Bilder teilweise dem Urheberrecht Dritter unterliegen. Die auf dieser Website enthaltenen Angaben werden nach bestem Wissen erstellt und mit gro\u00dfer Sorgfalt auf ihre Richtigkeit \u00fcberpr\u00fcft. Trotzdem sind inhaltliche und sachliche Fehler nicht vollst\u00e4ndig auszuschlie\u00dfen. Es wird keinerlei Garantie und Haftung f\u00fcr die Richtigkeit, Aktualit\u00e4t und Vollst\u00e4ndigkeit der bereitgestellten Informationen \u00fcbernommen. Alle Angaben sind ohne Gew\u00e4hr. Dies gilt auch f\u00fcr alle Links zu anderen URLs, die auf unserer Website genannt werden. (<a href=\"http:\/\/www.disclaimer.de\/disclaimer.htm\" target=\"_blank\" rel=\"noopener\">Disclaimer<\/a>)<\/p>\n<p><strong>Haftung f\u00fcr Links<\/strong><br \/>\nTrotz sorgf\u00e4lltiger inhaltlicher Kontrolle wird keine Haftung f\u00fcr die Inhalte externer Links \u00fcbernommen. F\u00fcr den Inhalt der verlinkten Seiten sind ausschlie\u00dflich deren Betreiber verantwortlich.<\/p>\n<p><strong>Verwendung von Cookies<br \/>\n<\/strong>Wenn Sie unsere Websites besuchen, kann es sein, dass wir Informationen in Form eines \u201e<span lang=\"en\">Cookie<\/span>\u201c auf Ihrem Computer ablegen, die ihn bei Ihrem n\u00e4chsten Besuch automatisch wiedererkennen. Wenn Sie nicht m\u00f6chten, dass wir Ihren Computer wiedererkennen, stellen Sie Ihren Internet-<span lang=\"en\">Browser <\/span>bitte so ein, dass er <span lang=\"en\">Cookies <\/span>von Ihrer Computerfestplatte l\u00f6scht, alle <span lang=\"en\">Cookies <\/span>blockiert oder Sie warnt, bevor ein <span lang=\"en\">Cookie <\/span>gespeichert wird.<\/p>\n","protected":false},"excerpt":{"rendered":"<p>Lager \u2022 Garagen MIEMINGER PLATEAU Marcell F\u00f6ger Unterstrass 253a 6416 Obsteig \u00d6sterreich +43 699 \/ 10 89 45 33 office@foeger-service.com www.lager-obsteig.com UID: ATU64662911 SN.: 093\/8407 Informationspflichten laut E-Commerce und Mediengesetz Urheberrechte Die Inhalte (Texte, Bilder, Grafiken, Videos und Sounds) dieser Website sind urheberrechtlich gesch\u00fctzt. Die Bereitstellung von Inhalten und Bildmaterial dieser Website auf anderen Websites<br \/><a class=\"moretag\" href=\"http:\/\/www.foeger-service.com\/lagerraeume\/impressum\/\">+ Read More<\/a><\/p>\n","protected":false},"author":1,"featured_media":0,"parent":0,"menu_order":0,"comment_status":"closed","ping_status":"closed","template":"","meta":{"footnotes":""},"_links":{"self":[{"href":"http:\/\/www.foeger-service.com\/lagerraeume\/wp-json\/wp\/v2\/pages\/22"}],"collection":[{"href":"http:\/\/www.foeger-service.com\/lagerraeume\/wp-json\/wp\/v2\/pages"}],"about":[{"href":"http:\/\/www.foeger-service.com\/lagerraeume\/wp-json\/wp\/v2\/types\/page"}],"author":[{"embeddable":true,"href":"http:\/\/www.foeger-service.com\/lagerraeume\/wp-json\/wp\/v2\/users\/1"}],"replies":[{"embeddable":true,"href":"http:\/\/www.foeger-service.com\/lagerraeume\/wp-json\/wp\/v2\/comments?post=22"}],"version-history":[{"count":10,"href":"http:\/\/www.foeger-service.com\/lagerraeume\/wp-json\/wp\/v2\/pages\/22\/revisions"}],"predecessor-version":[{"id":278,"href":"http:\/\/www.foeger-service.com\/lagerraeume\/wp-json\/wp\/v2\/pages\/22\/revisions\/278"}],"wp:attachment":[{"href":"http:\/\/www.foeger-service.com\/lagerraeume\/wp-json\/wp\/v2\/media?parent=22"}],"curies":[{"name":"wp","href":"https:\/\/api.w.org\/{rel}","templated":true}]}}