{"id":34,"date":"2016-01-03T18:28:08","date_gmt":"2016-01-03T17:28:08","guid":{"rendered":"http:\/\/www.foeger-service.com\/lagerraeume\/?page_id=34"},"modified":"2016-01-06T22:10:16","modified_gmt":"2016-01-06T21:10:16","slug":"warum","status":"publish","type":"page","link":"http:\/\/www.foeger-service.com\/lagerraeume\/warum\/","title":{"rendered":"Warum"},"content":{"rendered":"<h3 style=\"text-align: center;\">Lagerr\u00e4ume &amp; Garagen am MIEMINGER PLATEAU f\u00fcr Privathaushalte und Firmen<\/h3>\n<p>&nbsp;<\/p>\n<h2 style=\"text-align: center;\"><img loading=\"lazy\" decoding=\"async\" class=\"alignnone wp-image-37 size-full\" src=\"http:\/\/www.foeger-service.com\/lagerraeume\/wp-content\/uploads\/2016\/01\/177-truck.png\" alt=\"177-truck\" width=\"64\" height=\"64\" \/><br \/>\nZufahrt ebenerdig<\/h2>\n<p style=\"text-align: center;\">Sie k\u00f6nnen direkt zu Ihrem Lagerraum zufahren und einlagern.<\/p>\n<p>&nbsp;<\/p>\n<h2 style=\"text-align: center;\"><img loading=\"lazy\" decoding=\"async\" class=\"alignnone wp-image-36 size-full\" src=\"http:\/\/www.foeger-service.com\/lagerraeume\/wp-content\/uploads\/2016\/01\/079-clock.png\" alt=\"079-clock\" width=\"64\" height=\"64\" \/><br \/>\n24h Zugang<\/h2>\n<p style=\"text-align: center;\">Sie haben an 365 Tagen im Jahr und jederzeit Zugang zu Ihrem Lagerraum.<\/p>\n<p>&nbsp;<\/p>\n<h2 style=\"text-align: center;\"><img loading=\"lazy\" decoding=\"async\" class=\"alignnone wp-image-38 size-full\" src=\"http:\/\/www.foeger-service.com\/lagerraeume\/wp-content\/uploads\/2016\/01\/house-plus.png\" alt=\"house-plus\" width=\"64\" height=\"64\" \/><br \/>\nExtras &amp; W\u00fcnsche<\/h2>\n<p style=\"text-align: center;\">Auf Wunsch bieten wir: T\u00e4gliche Kontrolle, Versicherung, Tageslicht, Beheizungsservice.<\/p>\n","protected":false},"excerpt":{"rendered":"<p>Lagerr\u00e4ume &amp; Garagen am MIEMINGER PLATEAU f\u00fcr Privathaushalte und Firmen &nbsp; Zufahrt ebenerdig Sie k\u00f6nnen direkt zu Ihrem Lagerraum zufahren und einlagern. &nbsp; 24h Zugang Sie haben an 365 Tagen im Jahr und jederzeit Zugang zu Ihrem Lagerraum. &nbsp; Extras &amp; W\u00fcnsche Auf Wunsch bieten wir: T\u00e4gliche Kontrolle, Versicherung, Tageslicht, Beheizungsservice.<\/p>\n","protected":false},"author":1,"featured_media":0,"parent":0,"menu_order":0,"comment_status":"closed","ping_status":"closed","template":"","meta":{"footnotes":""},"_links":{"self":[{"href":"http:\/\/www.foeger-service.com\/lagerraeume\/wp-json\/wp\/v2\/pages\/34"}],"collection":[{"href":"http:\/\/www.foeger-service.com\/lagerraeume\/wp-json\/wp\/v2\/pages"}],"about":[{"href":"http:\/\/www.foeger-service.com\/lagerraeume\/wp-json\/wp\/v2\/types\/page"}],"author":[{"embeddable":true,"href":"http:\/\/www.foeger-service.com\/lagerraeume\/wp-json\/wp\/v2\/users\/1"}],"replies":[{"embeddable":true,"href":"http:\/\/www.foeger-service.com\/lagerraeume\/wp-json\/wp\/v2\/comments?post=34"}],"version-history":[{"count":14,"href":"http:\/\/www.foeger-service.com\/lagerraeume\/wp-json\/wp\/v2\/pages\/34\/revisions"}],"predecessor-version":[{"id":118,"href":"http:\/\/www.foeger-service.com\/lagerraeume\/wp-json\/wp\/v2\/pages\/34\/revisions\/118"}],"wp:attachment":[{"href":"http:\/\/www.foeger-service.com\/lagerraeume\/wp-json\/wp\/v2\/media?parent=34"}],"curies":[{"name":"wp","href":"https:\/\/api.w.org\/{rel}","templated":true}]}}