{"id":47,"date":"2016-01-03T18:34:50","date_gmt":"2016-01-03T17:34:50","guid":{"rendered":"http:\/\/www.foeger-service.com\/lagerraeume\/?page_id=47"},"modified":"2018-05-24T22:31:39","modified_gmt":"2018-05-24T20:31:39","slug":"wo","status":"publish","type":"page","link":"http:\/\/www.foeger-service.com\/lagerraeume\/wo\/","title":{"rendered":"Wo"},"content":{"rendered":"<h3>So finden Sie uns.<\/h3>\n<p>Lager \u2022 Garagen MIEMINGER PLATEAU ist leicht zu erreichen.<\/p>\n<h4>Langgarten 64<br \/>\n6416 Obsteig<\/h4>\n<p>Sie k\u00f6nnen mit dem Auto direkt vor das Lager fahren.<\/p>\n<p><iframe loading=\"lazy\" style=\"border: 1px solid black;\" src=\"https:\/\/www.openstreetmap.org\/export\/embed.html?bbox=10.916944742202759%2C47.29539985063661%2C10.927673578262329%2C47.30034763706554&amp;layer=mapnik&amp;marker=47.29787380172488%2C10.922309160232544\" width=\"637\" height=\"525\" frameborder=\"0\" marginwidth=\"0\" marginheight=\"0\" scrolling=\"no\"><\/iframe><br \/>\n<small><a href=\"https:\/\/www.openstreetmap.org\/?mlat=47.29787&amp;mlon=10.92231#map=17\/47.29787\/10.92231\">Gr\u00f6\u00dfere Karte anzeigen<\/a><\/small><\/p>\n<p>&nbsp;<\/p>\n<h3>\u00d6ffnungszeiten:<\/h3>\n<p>T\u00e4glich von 0:00 \u2013 24:00 Uhr.<\/p>\n","protected":false},"excerpt":{"rendered":"<p>So finden Sie uns. Lager \u2022 Garagen MIEMINGER PLATEAU ist leicht zu erreichen. Langgarten 64 6416 Obsteig Sie k\u00f6nnen mit dem Auto direkt vor das Lager fahren. Gr\u00f6\u00dfere Karte anzeigen &nbsp; \u00d6ffnungszeiten: T\u00e4glich von 0:00 \u2013 24:00 Uhr.<\/p>\n","protected":false},"author":1,"featured_media":0,"parent":0,"menu_order":0,"comment_status":"closed","ping_status":"closed","template":"","meta":{"footnotes":""},"_links":{"self":[{"href":"http:\/\/www.foeger-service.com\/lagerraeume\/wp-json\/wp\/v2\/pages\/47"}],"collection":[{"href":"http:\/\/www.foeger-service.com\/lagerraeume\/wp-json\/wp\/v2\/pages"}],"about":[{"href":"http:\/\/www.foeger-service.com\/lagerraeume\/wp-json\/wp\/v2\/types\/page"}],"author":[{"embeddable":true,"href":"http:\/\/www.foeger-service.com\/lagerraeume\/wp-json\/wp\/v2\/users\/1"}],"replies":[{"embeddable":true,"href":"http:\/\/www.foeger-service.com\/lagerraeume\/wp-json\/wp\/v2\/comments?post=47"}],"version-history":[{"count":9,"href":"http:\/\/www.foeger-service.com\/lagerraeume\/wp-json\/wp\/v2\/pages\/47\/revisions"}],"predecessor-version":[{"id":277,"href":"http:\/\/www.foeger-service.com\/lagerraeume\/wp-json\/wp\/v2\/pages\/47\/revisions\/277"}],"wp:attachment":[{"href":"http:\/\/www.foeger-service.com\/lagerraeume\/wp-json\/wp\/v2\/media?parent=47"}],"curies":[{"name":"wp","href":"https:\/\/api.w.org\/{rel}","templated":true}]}}