{"id":49,"date":"2016-01-03T18:42:19","date_gmt":"2016-01-03T17:42:19","guid":{"rendered":"http:\/\/www.foeger-service.com\/lagerraeume\/?page_id=49"},"modified":"2016-01-04T20:06:18","modified_gmt":"2016-01-04T19:06:18","slug":"wie","status":"publish","type":"page","link":"http:\/\/www.foeger-service.com\/lagerraeume\/wie\/","title":{"rendered":"Wie"},"content":{"rendered":"<h3 style=\"text-align: center;\">\u00a0Wie funktioniert es?<\/h3>\n<p>&nbsp;<\/p>\n<h2 style=\"text-align: center;\"><a href=\"http:\/\/www.foeger-service.com\/lagerraeume\/wp-content\/uploads\/2016\/01\/135-search.png\" rel=\"attachment wp-att-51\"><img loading=\"lazy\" decoding=\"async\" class=\"alignnone size-full wp-image-51\" src=\"http:\/\/www.foeger-service.com\/lagerraeume\/wp-content\/uploads\/2016\/01\/135-search.png\" alt=\"135-search\" width=\"64\" height=\"64\" \/><\/a><br \/>\n1. Aussuchen<\/h2>\n<p style=\"text-align: center;\">Passende Lagerraum- oder Garagen-Gr\u00f6\u00dfe ausw\u00e4hlen.<\/p>\n<p>&nbsp;<\/p>\n<h2 style=\"text-align: center;\"><a href=\"http:\/\/www.foeger-service.com\/lagerraeume\/wp-content\/uploads\/2016\/01\/067-phone.png\" rel=\"attachment wp-att-35\"><img loading=\"lazy\" decoding=\"async\" class=\"alignnone size-full wp-image-35\" src=\"http:\/\/www.foeger-service.com\/lagerraeume\/wp-content\/uploads\/2016\/01\/067-phone.png\" alt=\"067-phone\" width=\"64\" height=\"64\" \/><\/a><br \/>\n2. Anrufen<\/h2>\n<p style=\"text-align: center;\">Besichtigungstermin f\u00fcr das gew\u00fcnschte Lager vereinbaren<\/p>\n<p>&nbsp;<\/p>\n<h2 style=\"text-align: center;\"><a href=\"http:\/\/www.foeger-service.com\/lagerraeume\/wp-content\/uploads\/2016\/01\/207-eye.png\" rel=\"attachment wp-att-52\"><img loading=\"lazy\" decoding=\"async\" class=\"alignnone size-full wp-image-52\" src=\"http:\/\/www.foeger-service.com\/lagerraeume\/wp-content\/uploads\/2016\/01\/207-eye.png\" alt=\"207-eye\" width=\"64\" height=\"64\" \/><\/a><br \/>\n3. Ansehen<\/h2>\n<p style=\"text-align: center;\">Lagerr\u00e4ume &amp; Garagen vor Ort besichtigen.<\/p>\n<p>&nbsp;<\/p>\n<h2 style=\"text-align: center;\"><a href=\"http:\/\/www.foeger-service.com\/lagerraeume\/wp-content\/uploads\/2016\/01\/274-checkmark2.png\" rel=\"attachment wp-att-58\"><img loading=\"lazy\" decoding=\"async\" class=\"alignnone size-full wp-image-58\" src=\"http:\/\/www.foeger-service.com\/lagerraeume\/wp-content\/uploads\/2016\/01\/274-checkmark2.png\" alt=\"274-checkmark2\" width=\"64\" height=\"64\" \/><\/a><br \/>\n4. Mieten<\/h2>\n<p style=\"text-align: center;\">Details besprechen, Mietvertrag unterschreiben &amp; loslegen.<\/p>\n","protected":false},"excerpt":{"rendered":"<p>\u00a0Wie funktioniert es? &nbsp; 1. Aussuchen Passende Lagerraum- oder Garagen-Gr\u00f6\u00dfe ausw\u00e4hlen. &nbsp; 2. Anrufen Besichtigungstermin f\u00fcr das gew\u00fcnschte Lager vereinbaren &nbsp; 3. Ansehen Lagerr\u00e4ume &amp; Garagen vor Ort besichtigen. &nbsp; 4. Mieten Details besprechen, Mietvertrag unterschreiben &amp; loslegen.<\/p>\n","protected":false},"author":1,"featured_media":0,"parent":0,"menu_order":0,"comment_status":"closed","ping_status":"closed","template":"","meta":{"footnotes":""},"_links":{"self":[{"href":"http:\/\/www.foeger-service.com\/lagerraeume\/wp-json\/wp\/v2\/pages\/49"}],"collection":[{"href":"http:\/\/www.foeger-service.com\/lagerraeume\/wp-json\/wp\/v2\/pages"}],"about":[{"href":"http:\/\/www.foeger-service.com\/lagerraeume\/wp-json\/wp\/v2\/types\/page"}],"author":[{"embeddable":true,"href":"http:\/\/www.foeger-service.com\/lagerraeume\/wp-json\/wp\/v2\/users\/1"}],"replies":[{"embeddable":true,"href":"http:\/\/www.foeger-service.com\/lagerraeume\/wp-json\/wp\/v2\/comments?post=49"}],"version-history":[{"count":7,"href":"http:\/\/www.foeger-service.com\/lagerraeume\/wp-json\/wp\/v2\/pages\/49\/revisions"}],"predecessor-version":[{"id":80,"href":"http:\/\/www.foeger-service.com\/lagerraeume\/wp-json\/wp\/v2\/pages\/49\/revisions\/80"}],"wp:attachment":[{"href":"http:\/\/www.foeger-service.com\/lagerraeume\/wp-json\/wp\/v2\/media?parent=49"}],"curies":[{"name":"wp","href":"https:\/\/api.w.org\/{rel}","templated":true}]}}